{"id":10,"date":"2021-01-20T17:35:27","date_gmt":"2021-01-20T16:35:27","guid":{"rendered":"https:\/\/seyfarth.it\/?page_id=10"},"modified":"2021-01-20T17:35:27","modified_gmt":"2021-01-20T16:35:27","slug":"startseite","status":"publish","type":"page","link":"https:\/\/seyfarth.it\/","title":{"rendered":"Startseite"},"content":{"rendered":"\n<h1>\n\t\tHier entseht die neue Webpr\u00e4senz von Seyfarth.IT\n\t<\/h1>\n\t<p>Wir freuen uns Sie hier bald begr\u00fc\u00dfen zu d\u00fcrfen!<\/p>\n\t\t\t\t<img loading=\"lazy\" decoding=\"async\" src=\"https:\/\/seyfarth.it\/wp-content\/uploads\/2021\/01\/Transparent-Logo.png\" alt=\"Transparent Logo\" itemprop=\"image\" height=\"1020\" width=\"2237\" title=\"Transparent Logo\" onerror=\"this.style.display='none'\"  \/>\n\n","protected":false},"excerpt":{"rendered":"<p>Hier entseht die neue Webpr\u00e4senz von Seyfarth.IT Wir freuen uns Sie hier bald begr\u00fc\u00dfen zu d\u00fcrfen!<\/p>\n","protected":false},"author":1,"featured_media":0,"parent":0,"menu_order":0,"comment_status":"closed","ping_status":"closed","template":"","meta":{"footnotes":""},"class_list":["post-10","page","type-page","status-publish","hentry"],"_links":{"self":[{"href":"https:\/\/seyfarth.it\/index.php\/wp-json\/wp\/v2\/pages\/10","targetHints":{"allow":["GET"]}}],"collection":[{"href":"https:\/\/seyfarth.it\/index.php\/wp-json\/wp\/v2\/pages"}],"about":[{"href":"https:\/\/seyfarth.it\/index.php\/wp-json\/wp\/v2\/types\/page"}],"author":[{"embeddable":true,"href":"https:\/\/seyfarth.it\/index.php\/wp-json\/wp\/v2\/users\/1"}],"replies":[{"embeddable":true,"href":"https:\/\/seyfarth.it\/index.php\/wp-json\/wp\/v2\/comments?post=10"}],"version-history":[{"count":2,"href":"https:\/\/seyfarth.it\/index.php\/wp-json\/wp\/v2\/pages\/10\/revisions"}],"predecessor-version":[{"id":13,"href":"https:\/\/seyfarth.it\/index.php\/wp-json\/wp\/v2\/pages\/10\/revisions\/13"}],"wp:attachment":[{"href":"https:\/\/seyfarth.it\/index.php\/wp-json\/wp\/v2\/media?parent=10"}],"curies":[{"name":"wp","href":"https:\/\/api.w.org\/{rel}","templated":true}]}}